{"id":21,"date":"2015-10-26T11:47:15","date_gmt":"2015-10-26T09:47:15","guid":{"rendered":"http:\/\/hfsg-habicht.at\/habicht\/?page_id=21"},"modified":"2021-02-25T15:04:43","modified_gmt":"2021-02-25T14:04:43","slug":"der-verein","status":"publish","type":"page","link":"https:\/\/www.hfsg-habicht.at\/index.php\/der-verein\/","title":{"rendered":"Der Verein"},"content":{"rendered":"<p><img loading=\"lazy\" decoding=\"async\" class=\"alignright wp-image-15 size-full\" src=\"https:\/\/www.hfsg-habicht.at\/wp-content\/uploads\/2015\/10\/habichthq.gif\" alt=\"habichthq\" width=\"282\" height=\"141\"><\/p>\n<p>Die Heeresflugsportgruppe Habicht, gegr\u00fcndet mit dem eigentlichen Ziel, auch nicht fliegendem Personal der Luftstreitkr\u00e4fte Gelegenheit fliegerischer Bet\u00e4tigung zu geben und dar\u00fcber hinaus mit der Zielrichtung zu wirken, Soldaten des Pr\u00e4senzdienstes f\u00fcr den Soldatenberuf und das fliegerische Personal zu gewinnen, hat sich seit Aufnahme des Flugbetriebes im Jahre 1962 auf dem Milit\u00e4rflugplatz Langenlebarn bei Tulln in Nieder\u00f6sterreich zu einem sehr aktiven Verein entwickelt. Die Heeresflugsportgruppe Habicht ist mit anderen Heeresflugsportgruppen unter der Heeresflugsportvereinigung (HFV) als Dachorganisation organisiert.<\/p>\n<p>Die anderen Heeresflugsportgruppen sind:<img loading=\"lazy\" decoding=\"async\" class=\"alignright wp-image-43\" src=\"http:\/\/hfsg-habicht.at\/habicht\/wp-content\/uploads\/2015\/10\/image001-260x300.png\" alt=\"image001\" width=\"162\" height=\"187\" srcset=\"https:\/\/www.hfsg-habicht.at\/wp-content\/uploads\/2015\/10\/image001-260x300.png 260w, https:\/\/www.hfsg-habicht.at\/wp-content\/uploads\/2015\/10\/image001.png 297w\" sizes=\"auto, (max-width: 162px) 100vw, 162px\" \/><\/p>\n<ul>\n<li>HFSG Kondor (Zeltweg)<\/li>\n<li>HFSG Grimming (Aigen)<\/li>\n<li>HFSG Albatros (Graz)<\/li>\n<li>HFSG Bussard (H\u00f6rsching)<\/li>\n<\/ul>\n<p>&nbsp;<\/p>\n<p>Durch den Verein wurden seither vielen Soldaten, Zivilbediensteten und deren Angeh\u00f6rigen eine sinnvolle Freizeitbet\u00e4tigung geboten. Mit der Zeit l\u00f6ste sich der Verein aus der vollst\u00e4ndigen materiellen Unterst\u00fctzung durch das Bundesheer. Wir konnten aus eigenen Mitteln den Flugzeugbestand erhalten, ja sogar erheblich erneuern, so dass wir derzeit \u00fcber einen modernen Flugzeugpark verf\u00fcgen.<\/p>\n<p>&nbsp;<\/p>\n<p><a href=\"https:\/\/www.tulln.at\"><img loading=\"lazy\" decoding=\"async\" class=\"alignleft wp-image-40 size-medium\" src=\"https:\/\/www.hfsg-habicht.at\/wp-content\/uploads\/2015\/10\/image.php_1-300x95.jpg\" alt=\"image.php_\" width=\"300\" height=\"95\" srcset=\"https:\/\/www.hfsg-habicht.at\/wp-content\/uploads\/2015\/10\/image.php_1-300x95.jpg 300w, https:\/\/www.hfsg-habicht.at\/wp-content\/uploads\/2015\/10\/image.php_1.jpg 399w\" sizes=\"auto, (max-width: 300px) 100vw, 300px\" \/><\/a><\/p>\n<p style=\"text-align: center;\">Aufgrund der N\u00e4he zur Sportstadt Tulln, findet hier auch eine intensive Zusammenarbeit statt.<\/p>\n ","protected":false},"excerpt":{"rendered":"<p>Die Heeresflugsportgruppe Habicht, gegr\u00fcndet mit dem eigentlichen Ziel, auch nicht fliegendem Personal der Luftstreitkr\u00e4fte Gelegenheit fliegerischer Bet\u00e4tigung zu geben und dar\u00fcber hinaus mit der Zielrichtung zu wirken, Soldaten des Pr\u00e4senzdienstes f\u00fcr den Soldatenberuf und das fliegerische Personal zu gewinnen, hat sich seit Aufnahme des Flugbetriebes im Jahre 1962 auf dem Milit\u00e4rflugplatz Langenlebarn bei Tulln in &hellip; <\/p>\n<p class=\"link-more\"><a href=\"https:\/\/www.hfsg-habicht.at\/index.php\/der-verein\/\" class=\"more-link\"><span class=\"screen-reader-text\">\u201eDer Verein\u201c <\/span>weiterlesen<\/a><\/p>\n","protected":false},"author":10,"featured_media":0,"parent":0,"menu_order":1,"comment_status":"closed","ping_status":"closed","template":"","meta":{"ngg_post_thumbnail":0,"footnotes":""},"class_list":["post-21","page","type-page","status-publish","hentry"],"_links":{"self":[{"href":"https:\/\/www.hfsg-habicht.at\/index.php\/wp-json\/wp\/v2\/pages\/21","targetHints":{"allow":["GET"]}}],"collection":[{"href":"https:\/\/www.hfsg-habicht.at\/index.php\/wp-json\/wp\/v2\/pages"}],"about":[{"href":"https:\/\/www.hfsg-habicht.at\/index.php\/wp-json\/wp\/v2\/types\/page"}],"author":[{"embeddable":true,"href":"https:\/\/www.hfsg-habicht.at\/index.php\/wp-json\/wp\/v2\/users\/10"}],"replies":[{"embeddable":true,"href":"https:\/\/www.hfsg-habicht.at\/index.php\/wp-json\/wp\/v2\/comments?post=21"}],"version-history":[{"count":0,"href":"https:\/\/www.hfsg-habicht.at\/index.php\/wp-json\/wp\/v2\/pages\/21\/revisions"}],"wp:attachment":[{"href":"https:\/\/www.hfsg-habicht.at\/index.php\/wp-json\/wp\/v2\/media?parent=21"}],"curies":[{"name":"wp","href":"https:\/\/api.w.org\/{rel}","templated":true}]}}