{"id":45,"date":"2015-12-09T12:35:04","date_gmt":"2015-12-09T11:35:04","guid":{"rendered":"http:\/\/hfsg-habicht.at\/habicht\/?page_id=45"},"modified":"2023-07-19T11:20:42","modified_gmt":"2023-07-19T09:20:42","slug":"ausbildung","status":"publish","type":"page","link":"https:\/\/www.hfsg-habicht.at\/index.php\/ausbildung\/","title":{"rendered":"Ausbildung"},"content":{"rendered":"<p>Du interessierst dich f\u00fcr eine Segelflug oder Motorflugausbildung? Bei der Heeresflugsportgruppe Habicht ist diese Ausbildung m\u00f6glich.<\/p>\n<p>Die Ausbildung findet das ganze Jahr \u00fcber statt und kann auch jederzeit begonnen werden. Der Flugbetrieb findet grunds\u00e4tzlich an den Wochenenden und Feiertagen statt. Fliegen ist ein Teamsport und das gegenseitige Helfen ist eine Voraussetzung f\u00fcr den Flugbetrieb. Die Theorieausbildung findet in Absprache mit den Fluglehrern statt.<\/p>\n<p><a href=\"https:\/\/www.hfsg-habicht.at\/index.php\/kontakt\/\">Kontaktiere uns hier &#8230;<\/a><\/p>\n<p><strong>Voraussetzungen f\u00fcr die Ausbildung:<\/strong><\/p>\n<ul>\n<li><a href=\"http:\/\/www.austrocontrol.at\/jart\/prj3\/austro_control\/data\/dokumente\/rSB4b_DC_LFA_AMS_003.pdf\">Fliegermedizinisches Tauglichkeitszeugnis<\/a><\/li>\n<li><a href=\"http:\/\/hfsg-habicht.at\/habicht\/index.php\/kontakt\/\">Mitgliedschaft<\/a><\/li>\n<\/ul>\n<p><strong>Segelflug<\/strong><img loading=\"lazy\" decoding=\"async\" class=\"alignright wp-image-64\" src=\"http:\/\/hfsg-habicht.at\/habicht\/wp-content\/uploads\/2015\/12\/DSC05940-800x288.jpg\" alt=\"DSC05940-800x288\" width=\"400\" height=\"144\" srcset=\"https:\/\/www.hfsg-habicht.at\/wp-content\/uploads\/2015\/12\/DSC05940-800x288.jpg 800w, https:\/\/www.hfsg-habicht.at\/wp-content\/uploads\/2015\/12\/DSC05940-800x288-300x108.jpg 300w\" sizes=\"auto, (max-width: 400px) 100vw, 400px\" \/><\/p>\n<p>Im Rahmen der Segelflugausbildung werden zu Beginn mit einem Fluglehrer im Doppelsitzer die Grundlagen vermittelt. Nach einer entsprechenden Festigungsphase und einer Gefahreneinweisung bei erlangen der Alleinflugreife werden unter Aufsicht eines Fluglehrers die weiteren erforderlichen Fl\u00fcge durchgef\u00fchrt. Es folgt dann die theoretische und die praktische Pr\u00fcfung. Auch nach dem Erlangen des Scheines k\u00f6nnen weiterf\u00fchrende Ausbildungen zum Kunstflieger und Streckenflugpiloten absolviert werden.<\/p>\n<p><strong>Motorflug<\/strong><\/p>\n<p><img loading=\"lazy\" decoding=\"async\" class=\"wp-image-74 size-medium alignright\" src=\"http:\/\/hfsg-habicht.at\/habicht\/wp-content\/uploads\/2015\/12\/DSC06052-300x201.jpg\" alt=\"SONY DSC\" width=\"300\" height=\"201\" srcset=\"https:\/\/www.hfsg-habicht.at\/wp-content\/uploads\/2015\/12\/DSC06052-300x201.jpg 300w, https:\/\/www.hfsg-habicht.at\/wp-content\/uploads\/2015\/12\/DSC06052.jpg 1024w\" sizes=\"auto, (max-width: 300px) 100vw, 300px\" \/><\/p>\n<p>Der grunds\u00e4tzliche Ablauf gestaltet sich wie beim Segelflug, jedoch sind vertiefende Ausbildungsschritte in einigen Bereichen wie Navigation und \u00dcberlandfl\u00fcge in der Ausbildung durchzuf\u00fchren. Nachdem bei uns der Schwerpunkt am Segelflug liegt, erfolgt die Motorflugausbildung erst nach dem Segelfugschein.<\/p>\n ","protected":false},"excerpt":{"rendered":"<p>Du interessierst dich f\u00fcr eine Segelflug oder Motorflugausbildung? Bei der Heeresflugsportgruppe Habicht ist diese Ausbildung m\u00f6glich. Die Ausbildung findet das ganze Jahr \u00fcber statt und kann auch jederzeit begonnen werden. Der Flugbetrieb findet grunds\u00e4tzlich an den Wochenenden und Feiertagen statt. Fliegen ist ein Teamsport und das gegenseitige Helfen ist eine Voraussetzung f\u00fcr den Flugbetrieb. Die &hellip; <\/p>\n<p class=\"link-more\"><a href=\"https:\/\/www.hfsg-habicht.at\/index.php\/ausbildung\/\" class=\"more-link\"><span class=\"screen-reader-text\">\u201eAusbildung\u201c <\/span>weiterlesen<\/a><\/p>\n","protected":false},"author":9,"featured_media":0,"parent":0,"menu_order":2,"comment_status":"closed","ping_status":"closed","template":"","meta":{"ngg_post_thumbnail":0,"footnotes":""},"class_list":["post-45","page","type-page","status-publish","hentry"],"_links":{"self":[{"href":"https:\/\/www.hfsg-habicht.at\/index.php\/wp-json\/wp\/v2\/pages\/45","targetHints":{"allow":["GET"]}}],"collection":[{"href":"https:\/\/www.hfsg-habicht.at\/index.php\/wp-json\/wp\/v2\/pages"}],"about":[{"href":"https:\/\/www.hfsg-habicht.at\/index.php\/wp-json\/wp\/v2\/types\/page"}],"author":[{"embeddable":true,"href":"https:\/\/www.hfsg-habicht.at\/index.php\/wp-json\/wp\/v2\/users\/9"}],"replies":[{"embeddable":true,"href":"https:\/\/www.hfsg-habicht.at\/index.php\/wp-json\/wp\/v2\/comments?post=45"}],"version-history":[{"count":0,"href":"https:\/\/www.hfsg-habicht.at\/index.php\/wp-json\/wp\/v2\/pages\/45\/revisions"}],"wp:attachment":[{"href":"https:\/\/www.hfsg-habicht.at\/index.php\/wp-json\/wp\/v2\/media?parent=45"}],"curies":[{"name":"wp","href":"https:\/\/api.w.org\/{rel}","templated":true}]}}