{"id":49,"date":"2015-12-09T12:36:10","date_gmt":"2015-12-09T11:36:10","guid":{"rendered":"http:\/\/hfsg-habicht.at\/habicht\/?page_id=49"},"modified":"2023-07-19T11:14:45","modified_gmt":"2023-07-19T09:14:45","slug":"unser-flugplatz","status":"publish","type":"page","link":"https:\/\/www.hfsg-habicht.at\/index.php\/unser-flugplatz\/","title":{"rendered":"Unser Flugplatz"},"content":{"rendered":"<p>Unser Flugplatz liegt im Tullner Becken, Nieder\u00f6sterreich. Wir sind seit unserer Gr\u00fcndung im Jahre 1962 als G\u00e4ste auf dem Fliegerhorst Brumowski in Langenlebarn beheimatet. Der Fugplatz wird durch das \u00f6sterreichische Bundesheer betrieben und dient als Ausbildungs- und Einsatzst\u00fctzpunkt.<\/p>\n<p><a href=\"http:\/\/hfsg-habicht.at\/habicht\/wp-content\/uploads\/2015\/12\/DSC01977.jpg\"><img loading=\"lazy\" decoding=\"async\" class=\"wp-image-66 size-medium alignnone\" src=\"http:\/\/hfsg-habicht.at\/habicht\/wp-content\/uploads\/2015\/12\/DSC01977-300x201.jpg\" alt=\"SONY DSC\" width=\"300\" height=\"201\" srcset=\"https:\/\/www.hfsg-habicht.at\/wp-content\/uploads\/2015\/12\/DSC01977-300x201.jpg 300w, https:\/\/www.hfsg-habicht.at\/wp-content\/uploads\/2015\/12\/DSC01977.jpg 1024w\" sizes=\"auto, (max-width: 300px) 100vw, 300px\" \/><\/a><span style=\"color: #ffffff;\">&#8230;.<\/span><img loading=\"lazy\" decoding=\"async\" class=\"wp-image-76 alignnone\" src=\"http:\/\/hfsg-habicht.at\/habicht\/wp-content\/uploads\/2015\/12\/DSC05553-300x201.jpg\" alt=\"\" width=\"306\" height=\"205\" srcset=\"https:\/\/www.hfsg-habicht.at\/wp-content\/uploads\/2015\/12\/DSC05553-300x201.jpg 300w, https:\/\/www.hfsg-habicht.at\/wp-content\/uploads\/2015\/12\/DSC05553-1024x685.jpg 1024w, https:\/\/www.hfsg-habicht.at\/wp-content\/uploads\/2015\/12\/DSC05553.jpg 1300w\" sizes=\"auto, (max-width: 306px) 100vw, 306px\" \/><\/p>\n ","protected":false},"excerpt":{"rendered":"<p>Unser Flugplatz liegt im Tullner Becken, Nieder\u00f6sterreich. Wir sind seit unserer Gr\u00fcndung im Jahre 1962 als G\u00e4ste auf dem Fliegerhorst Brumowski in Langenlebarn beheimatet. Der Fugplatz wird durch das \u00f6sterreichische Bundesheer betrieben und dient als Ausbildungs- und Einsatzst\u00fctzpunkt. &#8230;.<\/p>\n","protected":false},"author":9,"featured_media":0,"parent":0,"menu_order":3,"comment_status":"closed","ping_status":"closed","template":"","meta":{"ngg_post_thumbnail":0,"footnotes":""},"class_list":["post-49","page","type-page","status-publish","hentry"],"_links":{"self":[{"href":"https:\/\/www.hfsg-habicht.at\/index.php\/wp-json\/wp\/v2\/pages\/49","targetHints":{"allow":["GET"]}}],"collection":[{"href":"https:\/\/www.hfsg-habicht.at\/index.php\/wp-json\/wp\/v2\/pages"}],"about":[{"href":"https:\/\/www.hfsg-habicht.at\/index.php\/wp-json\/wp\/v2\/types\/page"}],"author":[{"embeddable":true,"href":"https:\/\/www.hfsg-habicht.at\/index.php\/wp-json\/wp\/v2\/users\/9"}],"replies":[{"embeddable":true,"href":"https:\/\/www.hfsg-habicht.at\/index.php\/wp-json\/wp\/v2\/comments?post=49"}],"version-history":[{"count":0,"href":"https:\/\/www.hfsg-habicht.at\/index.php\/wp-json\/wp\/v2\/pages\/49\/revisions"}],"wp:attachment":[{"href":"https:\/\/www.hfsg-habicht.at\/index.php\/wp-json\/wp\/v2\/media?parent=49"}],"curies":[{"name":"wp","href":"https:\/\/api.w.org\/{rel}","templated":true}]}}